{"id":2,"date":"2014-07-02T10:58:43","date_gmt":"2014-07-02T10:58:43","guid":{"rendered":"http:\/\/www.avalon.pt\/?page_id=2"},"modified":"2023-01-09T14:33:04","modified_gmt":"2023-01-09T14:33:04","slug":"pagina-exemplo","status":"publish","type":"page","link":"https:\/\/www.avalon.pt\/?page_id=2","title":{"rendered":"Somos DESIGNERS"},"content":{"rendered":"<p><strong>Somos&nbsp;uma empresa de Design, Marketing e Publicidade constitu\u00edda por um grupo de profissionais especializados.<\/strong><\/p>\n<p>A nossa miss\u00e3o consiste na <strong>an\u00e1lise, cria\u00e7\u00e3o, desenvolvimento, implementa\u00e7\u00e3o e execu\u00e7\u00e3o de projectos de design<\/strong>, visando a satisfa\u00e7\u00e3o dos nossos clientes, atrav\u00e9s da interpreta\u00e7\u00e3o das suas necessidades explicitas e potenciais, e a prossecu\u00e7\u00e3o das melhores praticas de design, tendo em vista o desenvolvimento desta \u00e1rea de conhecimento. Os nossos valores s\u00e3o a integridade, a responsabilidade, a flexibilidade e a inova\u00e7\u00e3o, apostando no conhecimento e investiga\u00e7\u00e3o como factores estrat\u00e9gicos para o desenvolvimento de novos produtos de comunica\u00e7\u00e3o.<\/p>\n","protected":false},"excerpt":{"rendered":"<p>Somos&nbsp;uma empresa de Design, Marketing e Publicidade constitu\u00edda por um grupo de profissionais especializados. A nossa miss\u00e3o consiste na an\u00e1lise, cria\u00e7\u00e3o, desenvolvimento, implementa\u00e7\u00e3o e execu\u00e7\u00e3o de projectos de design, visando a satisfa\u00e7\u00e3o dos nossos clientes, atrav\u00e9s da interpreta\u00e7\u00e3o das suas necessidades explicitas e potenciais, e a prossecu\u00e7\u00e3o das melhores praticas de design, tendo em vista &hellip; <\/p>\n<p class=\"link-more\"><a href=\"https:\/\/www.avalon.pt\/?page_id=2\" class=\"more-link\">Continuar a ler <span class=\"screen-reader-text\">&#8220;Somos DESIGNERS&#8221;<\/span><\/a><\/p>\n","protected":false},"author":1,"featured_media":0,"parent":0,"menu_order":0,"comment_status":"closed","ping_status":"closed","template":"","meta":{"footnotes":""},"_links":{"self":[{"href":"https:\/\/www.avalon.pt\/index.php?rest_route=\/wp\/v2\/pages\/2"}],"collection":[{"href":"https:\/\/www.avalon.pt\/index.php?rest_route=\/wp\/v2\/pages"}],"about":[{"href":"https:\/\/www.avalon.pt\/index.php?rest_route=\/wp\/v2\/types\/page"}],"author":[{"embeddable":true,"href":"https:\/\/www.avalon.pt\/index.php?rest_route=\/wp\/v2\/users\/1"}],"replies":[{"embeddable":true,"href":"https:\/\/www.avalon.pt\/index.php?rest_route=%2Fwp%2Fv2%2Fcomments&post=2"}],"version-history":[{"count":7,"href":"https:\/\/www.avalon.pt\/index.php?rest_route=\/wp\/v2\/pages\/2\/revisions"}],"predecessor-version":[{"id":370,"href":"https:\/\/www.avalon.pt\/index.php?rest_route=\/wp\/v2\/pages\/2\/revisions\/370"}],"wp:attachment":[{"href":"https:\/\/www.avalon.pt\/index.php?rest_route=%2Fwp%2Fv2%2Fmedia&parent=2"}],"curies":[{"name":"wp","href":"https:\/\/api.w.org\/{rel}","templated":true}]}}