{"id":28,"date":"2014-07-02T13:37:13","date_gmt":"2014-07-02T13:37:13","guid":{"rendered":"http:\/\/www.avalon.pt\/?page_id=28"},"modified":"2023-01-09T14:11:28","modified_gmt":"2023-01-09T14:11:28","slug":"o-que-fazemos","status":"publish","type":"page","link":"https:\/\/www.avalon.pt\/","title":{"rendered":"ABOUT US"},"content":{"rendered":"<p><span style=\"color: #808080;\"><span style=\"font-family: Abel, sans-serif;\"><span style=\"font-size: x-large;\"><b>EQUIPA<\/b><\/span><\/span><\/span><\/p>\n<p><span style=\"color: #000000;\"><span style=\"font-family: Roboto, sans-serif;\"><span style=\"font-size: large;\">Somos uma equipa din\u00e2mica e criativa, atenta a um mundo em constante mudan\u00e7a e evolu\u00e7\u00e3o.<\/span><\/span><\/span><\/p>\n<p><span style=\"color: #000000;\"><span style=\"font-family: Roboto, sans-serif;\"><span style=\"font-size: large;\">Desenvolvemos cada projeto como \u00fanico, jogamos com as pr\u00f3prias caracter\u00edsticas, criando solu\u00e7\u00f5es adaptadas as necessidades do nosso cliente.<\/span><\/span><\/span><\/p>\n<p><span style=\"color: #808080;\"><span style=\"font-family: Abel, sans-serif;\"><span style=\"font-size: x-large;\"><b>CONCEP\u00c7\u00c3O<\/b><\/span><\/span><\/span><\/p>\n<p><span style=\"color: #000000;\"><span style=\"font-family: Roboto, sans-serif;\"><span style=\"font-size: large;\">Intervimos criativamente na promo\u00e7\u00e3o do seu produto, usando todas os meios e ferramentas para que a divulga\u00e7\u00e3o da mensagem seja transmitida.<\/span><\/span><\/span><\/p>\n<p><span style=\"color: #000000;\"><span style=\"font-family: Roboto, sans-serif;\"><span style=\"font-size: large;\">Quer seja em material impresso, 3D, multim\u00e9dia ou web estamos munidos das melhores compet\u00eancias para fazer um trabalho eficaz.<\/span><\/span><\/span><\/p>\n<p><span style=\"color: #808080;\"><span style=\"font-family: Abel, sans-serif;\"><span style=\"font-size: x-large;\"><b>PRODU\u00c7\u00c3O<\/b><\/span><\/span><\/span><\/p>\n<p><span style=\"color: #000000;\"><span style=\"font-family: Roboto, sans-serif;\"><span style=\"font-size: large;\">A escolha da solu\u00e7\u00e3o certa, dos materiais adequados e do correto fornecedor, exige de n\u00f3s um criterioso rigor seletivo e at\u00e9 uma constante atualiza\u00e7\u00e3o.<\/span><\/span><\/span><\/p>\n<p><span style=\"color: #000000;\"><span style=\"font-family: Roboto, sans-serif;\"><span style=\"font-size: large;\">A nossa rede de parceiros\/fornecedores constitui a refer\u00eancia do mercado na nossa \u00e1rea de atua\u00e7\u00e3o. Toda a produ\u00e7\u00e3o que nos \u00e9 confiada tem a garantia de um acompanhamento rigoroso em todas as etapas.<\/span><\/span><\/span><\/p>\n","protected":false},"excerpt":{"rendered":"<p>EQUIPA Somos uma equipa din\u00e2mica e criativa, atenta a um mundo em constante mudan\u00e7a e evolu\u00e7\u00e3o. Desenvolvemos cada projeto como \u00fanico, jogamos com as pr\u00f3prias caracter\u00edsticas, criando solu\u00e7\u00f5es adaptadas as necessidades do nosso cliente. CONCEP\u00c7\u00c3O Intervimos criativamente na promo\u00e7\u00e3o do seu produto, usando todas os meios e ferramentas para que a divulga\u00e7\u00e3o da mensagem seja &hellip; <\/p>\n<p class=\"link-more\"><a href=\"https:\/\/www.avalon.pt\/\" class=\"more-link\">Continuar a ler <span class=\"screen-reader-text\">&#8220;ABOUT US&#8221;<\/span><\/a><\/p>\n","protected":false},"author":1,"featured_media":0,"parent":0,"menu_order":0,"comment_status":"open","ping_status":"closed","template":"","meta":{"footnotes":""},"_links":{"self":[{"href":"https:\/\/www.avalon.pt\/index.php?rest_route=\/wp\/v2\/pages\/28"}],"collection":[{"href":"https:\/\/www.avalon.pt\/index.php?rest_route=\/wp\/v2\/pages"}],"about":[{"href":"https:\/\/www.avalon.pt\/index.php?rest_route=\/wp\/v2\/types\/page"}],"author":[{"embeddable":true,"href":"https:\/\/www.avalon.pt\/index.php?rest_route=\/wp\/v2\/users\/1"}],"replies":[{"embeddable":true,"href":"https:\/\/www.avalon.pt\/index.php?rest_route=%2Fwp%2Fv2%2Fcomments&post=28"}],"version-history":[{"count":3,"href":"https:\/\/www.avalon.pt\/index.php?rest_route=\/wp\/v2\/pages\/28\/revisions"}],"predecessor-version":[{"id":365,"href":"https:\/\/www.avalon.pt\/index.php?rest_route=\/wp\/v2\/pages\/28\/revisions\/365"}],"wp:attachment":[{"href":"https:\/\/www.avalon.pt\/index.php?rest_route=%2Fwp%2Fv2%2Fmedia&parent=28"}],"curies":[{"name":"wp","href":"https:\/\/api.w.org\/{rel}","templated":true}]}}